{"id":17737,"date":"2020-02-19T09:51:09","date_gmt":"2020-02-19T09:51:09","guid":{"rendered":"https:\/\/www.textilux.com\/?page_id=17737"},"modified":"2024-11-13T09:14:39","modified_gmt":"2024-11-13T09:14:39","slug":"about-us","status":"publish","type":"page","link":"https:\/\/www.textilux.com\/en\/about-us\/","title":{"rendered":"About us"},"content":{"rendered":"<p>[vc_row css_animation=&#8221;&#8221; row_type=&#8221;row&#8221; use_row_as_full_screen_section=&#8221;no&#8221; type=&#8221;full_width&#8221; angled_section=&#8221;no&#8221; text_align=&#8221;left&#8221; background_image_as_pattern=&#8221;without_pattern&#8221; css=&#8221;.vc_custom_1731489276564{padding-top: 200px !important;padding-bottom: 200px !important;background-image: url(https:\/\/www.textilux.com\/wp-content\/uploads\/2019\/12\/empresa.jpg?id=17476) !important;background-position: center !important;background-repeat: no-repeat !important;background-size: cover !important;}&#8221; z_index=&#8221;&#8221;][vc_column][vc_column_text]<\/p>\n<h1 style=\"color: white; text-align: center; font-weight: bold; text-shadow: 1px 1px 5px rgba(0,0,0,0.5);\">About us<\/h1>\n<p>[\/vc_column_text][vc_empty_space height=&#8221;15px&#8221;][vc_column_text][\/vc_column_text][\/vc_column][\/vc_row][vc_row css_animation=&#8221;&#8221; row_type=&#8221;row&#8221; use_row_as_full_screen_section=&#8221;no&#8221; type=&#8221;grid&#8221; angled_section=&#8221;no&#8221; text_align=&#8221;left&#8221; background_image_as_pattern=&#8221;without_pattern&#8221; row_negative_margin=&#8221;disable_negative_margin&#8221; css=&#8221;.vc_custom_1529421406821{padding-top: 70px !important;}&#8221; z_index=&#8221;&#8221;][vc_column][qode_elements_holder number_of_columns=&#8221;two_columns&#8221;][qode_elements_holder_item advanced_animations=&#8221;no&#8221; item_padding=&#8221;40px 20px&#8221;][vc_column_text]<\/p>\n<h2>Our Journey So Far\u2026<\/h2>\n<p>[\/vc_column_text][vc_empty_space height=&#8221;10px&#8221;][vc_column_text]Textilux has been manufacturing and installing solar protection systems for more than 10 years.<br \/>\nOur systems are based on innovative, vault, profitable and sustainable solutions, developed thanks to a qualified team with extensive experience in the sector, who will visit your location and advise on the best solution for your space.<br \/>\nWe have a strong relationship with our suppliers who guarantee us the highest quality standards in raw materials. We are able to meet any need, whether protection from the sun, rain or wind.<br \/>\nWe have a sales service in Parchal, Portim\u00e3o, Lagoa, Silves, Est\u00f4mbar, Lagos, Tavira, Loul\u00e9, Albufeira, Guia, Olh\u00e3o, Ferragudo, Sagres, Alcantarilha, Vilamoura, Faro\u2026 all over the Algarve!<\/p>\n<p class=\"p1\"><span class=\"s1\">For other regions of Portugal, <a href=\"https:\/\/www.textilux.com\/en\/contactos\/\">UNDER CONSULTATION!<\/a><\/span><\/p>\n<p>[\/vc_column_text][\/qode_elements_holder_item][qode_elements_holder_item cover=&#8221;yes&#8221; advanced_animations=&#8221;no&#8221; background_image=&#8221;17192&#8243; item_padding=&#8221;40px&#8221; custom_class=&#8221;about-shape&#8221;][vc_empty_space height=&#8221;350&#8243;][\/qode_elements_holder_item][\/qode_elements_holder][\/vc_column][\/vc_row][vc_row css_animation=&#8221;&#8221; row_type=&#8221;row&#8221; use_row_as_full_screen_section=&#8221;no&#8221; type=&#8221;grid&#8221; angled_section=&#8221;no&#8221; text_align=&#8221;left&#8221; background_image_as_pattern=&#8221;without_pattern&#8221; row_negative_margin=&#8221;disable_negative_margin&#8221; el_class=&#8221;custom_reverse_order&#8221; z_index=&#8221;&#8221; css=&#8221;.vc_custom_1529421423485{padding-top: 40px !important;}&#8221;][vc_column][qode_elements_holder number_of_columns=&#8221;two_columns&#8221; switch_to_one_column=&#8221;768&#8243; alignment_one_column=&#8221;right&#8221;][qode_elements_holder_item cover=&#8221;yes&#8221; horizontal_alignment=&#8221;right&#8221; advanced_animations=&#8221;no&#8221; background_image=&#8221;17478&#8243; custom_class=&#8221;about-shape&#8221;][vc_empty_space height=&#8221;350&#8243;][\/qode_elements_holder_item][qode_elements_holder_item advanced_animations=&#8221;no&#8221; item_padding=&#8221;20px 20px 40px 40px&#8221;][vc_column_text]<\/p>\n<h2 style=\"text-align: left;\">Our Mission<\/h2>\n<p>[\/vc_column_text][vc_empty_space height=&#8221;10px&#8221;][vc_column_text]Our mission is to develop sun protection solutions with high quality materials for you.<br \/>\nYou will see that the end result is fantastic! We put a lot of trust in our technical and sales team to see what is best for you. Whether in your home or business, from swimming pools, spas, hotels, restaurants, barbecue areas, terraces, verandas, children\u2019s playgrounds, schools, among others\u2026[\/vc_column_text][\/qode_elements_holder_item][\/qode_elements_holder][\/vc_column][\/vc_row][vc_row css_animation=&#8221;&#8221; row_type=&#8221;row&#8221; use_row_as_full_screen_section=&#8221;no&#8221; type=&#8221;grid&#8221; angled_section=&#8221;no&#8221; text_align=&#8221;left&#8221; background_image_as_pattern=&#8221;without_pattern&#8221; row_negative_margin=&#8221;disable_negative_margin&#8221; z_index=&#8221;&#8221; css=&#8221;.vc_custom_1529421430446{padding-bottom: 70px !important;}&#8221;][vc_column][qode_elements_holder number_of_columns=&#8221;two_columns&#8221;][qode_elements_holder_item advanced_animations=&#8221;no&#8221; item_padding=&#8221;40px 20px&#8221;][vc_column_text]<\/p>\n<h2 style=\"text-align: left;\">What Drives Us<\/h2>\n<p>[\/vc_column_text][vc_empty_space height=&#8221;10px&#8221;][vc_column_text]It is sustainability and commitment to the environment.<br \/>\nBecause we know that solar protection is also synonymous with saving energy, compliance with the Kyoto protocol and a better quality of life. This commitment is reinforced with the other attitudes that our team takes on as its own: a sense of foresight, talent and creativity, respect and punctuality with regard to customer needs and the constant search for other organisations that develop and enrich local and global markets.[\/vc_column_text][\/qode_elements_holder_item][qode_elements_holder_item cover=&#8221;yes&#8221; advanced_animations=&#8221;no&#8221; background_image=&#8221;17480&#8243; custom_class=&#8221;about-shape&#8221;][vc_empty_space height=&#8221;350&#8243;][\/qode_elements_holder_item][\/qode_elements_holder][\/vc_column][\/vc_row][vc_row css_animation=&#8221;&#8221; row_type=&#8221;row&#8221; use_row_as_full_screen_section=&#8221;no&#8221; type=&#8221;full_width&#8221; angled_section=&#8221;no&#8221; text_align=&#8221;left&#8221; background_image_as_pattern=&#8221;without_pattern&#8221; z_index=&#8221;&#8221; css=&#8221;.vc_custom_1529415934918{background-position: center !important;background-repeat: no-repeat !important;background-size: cover !important;}&#8221;][vc_column el_class=&#8221;bottom-shape&#8221; css=&#8221;.vc_custom_1576257513087{padding-top: 110px !important;padding-bottom: 80px !important;background-image: url(https:\/\/www.textilux.com\/wp-content\/uploads\/2019\/12\/orcamneto-toldos-1024&#215;576.jpg?id=17180) !important;background-position: center !important;background-repeat: no-repeat !important;background-size: cover !important;}&#8221;][vc_column_text]<\/p>\n<h2 style=\"color: white; text-align: center; font-weight: 500;\">Get to know us better<\/h2>\n<p>[\/vc_column_text][vc_empty_space height=&#8221;20&#8243;][vc_row_inner row_type=&#8221;row&#8221; type=&#8221;grid&#8221; text_align=&#8221;left&#8221; css_animation=&#8221;&#8221;][vc_column_inner width=&#8221;1\/6&#8243;][\/vc_column_inner][vc_column_inner el_class=&#8221;center-button&#8221; width=&#8221;2\/3&#8243;][vc_column_text]<\/p>\n<h4 style=\"text-align: center; color: white; font-weight: 500;\">Find out more about our products, services and where you can find us..<\/h4>\n<p>[\/vc_column_text][vc_empty_space]<a  itemprop=\"url\" href=\"https:\/\/www.textilux.com\/en\/contactos\/\" target=\"_self\" data-hover-background-color='#ffffff' data-hover-color='#c1272d' class=\"qbutton  large default\" style=\"color: #ffffff; background-color: #c1272d;\">Contact<\/a>[\/vc_column_inner][vc_column_inner width=&#8221;1\/6&#8243;][\/vc_column_inner][\/vc_row_inner][\/vc_column][\/vc_row]<\/p>\n","protected":false},"excerpt":{"rendered":"<p>[vc_row css_animation=&#8221;&#8221; row_type=&#8221;row&#8221; use_row_as_full_screen_section=&#8221;no&#8221; type=&#8221;full_width&#8221; angled_section=&#8221;no&#8221; text_align=&#8221;left&#8221; background_image_as_pattern=&#8221;without_pattern&#8221; css=&#8221;.vc_custom_1731489276564{padding-top: 200px !important;padding-bottom: 200px !important;background-image: url(https:\/\/www.textilux.com\/wp-content\/uploads\/2019\/12\/empresa.jpg?id=17476) !important;background-position: center !important;background-repeat: no-repeat !important;background-size: cover !important;}&#8221; z_index=&#8221;&#8221;][vc_column][vc_column_text] About us [\/vc_column_text][vc_empty_space height=&#8221;15px&#8221;][vc_column_text][\/vc_column_text][\/vc_column][\/vc_row][vc_row css_animation=&#8221;&#8221; row_type=&#8221;row&#8221; use_row_as_full_screen_section=&#8221;no&#8221; type=&#8221;grid&#8221; angled_section=&#8221;no&#8221; text_align=&#8221;left&#8221; background_image_as_pattern=&#8221;without_pattern&#8221; row_negative_margin=&#8221;disable_negative_margin&#8221; css=&#8221;.vc_custom_1529421406821{padding-top: 70px !important;}&#8221; z_index=&#8221;&#8221;][vc_column][qode_elements_holder number_of_columns=&#8221;two_columns&#8221;][qode_elements_holder_item advanced_animations=&#8221;no&#8221; item_padding=&#8221;40px 20px&#8221;][vc_column_text] Our Journey So&#8230;<\/p>\n","protected":false},"author":1,"featured_media":0,"parent":0,"menu_order":0,"comment_status":"closed","ping_status":"closed","template":"","meta":{"footnotes":""},"class_list":["post-17737","page","type-page","status-publish","hentry"],"aioseo_notices":[],"_links":{"self":[{"href":"https:\/\/www.textilux.com\/en\/wp-json\/wp\/v2\/pages\/17737","targetHints":{"allow":["GET"]}}],"collection":[{"href":"https:\/\/www.textilux.com\/en\/wp-json\/wp\/v2\/pages"}],"about":[{"href":"https:\/\/www.textilux.com\/en\/wp-json\/wp\/v2\/types\/page"}],"author":[{"embeddable":true,"href":"https:\/\/www.textilux.com\/en\/wp-json\/wp\/v2\/users\/1"}],"replies":[{"embeddable":true,"href":"https:\/\/www.textilux.com\/en\/wp-json\/wp\/v2\/comments?post=17737"}],"version-history":[{"count":10,"href":"https:\/\/www.textilux.com\/en\/wp-json\/wp\/v2\/pages\/17737\/revisions"}],"predecessor-version":[{"id":18704,"href":"https:\/\/www.textilux.com\/en\/wp-json\/wp\/v2\/pages\/17737\/revisions\/18704"}],"wp:attachment":[{"href":"https:\/\/www.textilux.com\/en\/wp-json\/wp\/v2\/media?parent=17737"}],"curies":[{"name":"wp","href":"https:\/\/api.w.org\/{rel}","templated":true}]}}